{"id":2,"date":"2008-06-30T10:34:12","date_gmt":"2008-06-30T08:34:12","guid":{"rendered":"http:\/\/www.s1ap.net\/?page_id=2"},"modified":"2019-03-21T11:25:01","modified_gmt":"2019-03-21T10:25:01","slug":"a-propos","status":"publish","type":"page","link":"https:\/\/www.s1ap.net\/?page_id=2","title":{"rendered":"Nos interventions"},"content":{"rendered":"<p><strong>Intervention :<\/strong><\/p>\n<p>Les interventions de l\u2019association se d\u00e9clinent sur deux niveaux selon la situation locale et les attentes envisag\u00e9es. Les actions sont pr\u00e9par\u00e9es en \u00e9troites liaisons avec les acteurs locaux afin de r\u00e9pondre avec une p\u00e9dagogie adapt\u00e9e aux besoins sp\u00e9cifiques des publics vis\u00e9s.<\/p>\n<p><strong>Les types d\u2019interventions :<\/strong><\/p>\n<p style=\"padding-left: 80px;\"><em>Animation p\u00e9dagogique<\/em><br \/><em>R\u00e9alisation en communication sociale<\/em><\/p>\n<ul>\n<li><strong>Animation p\u00e9dagogique :<\/strong><\/li>\n<\/ul>\n<p>Selon les objectifs pr\u00e9visionnels, nous mettons en place des activit\u00e9s d\u2019animation p\u00e9dagogique. Ces activit\u00e9s sont ax\u00e9es sur la d\u00e9couverte des outils de production et permettent aux participants de s\u2019exprimer, de s\u2019informer et d\u2019\u00e9changer. Les participants s\u2019approprient les techniques et r\u00e9alisent leurs propres productions avec les conseils et les soutiens de nos techniciens.<br \/>Quelques fois les r\u00e9alisations effectu\u00e9es sont essentiellement des supports \u00ab pr\u00e9textes \u00bb pour cr\u00e9er une dynamique d\u2019animation et d\u2019insertion sociale ou culturelle. D\u2019autres fois, les productions r\u00e9alis\u00e9es sont de qualit\u00e9s plus qu\u2019honorables. N\u00e9anmoins, il est important de diffuser l\u2019ensemble des productions r\u00e9alis\u00e9es.<\/p>\n<ul>\n<li><strong>R\u00e9alisation en communication sociale :<\/strong><\/li>\n<\/ul>\n<p>Le besoin d\u2019un vid\u00e9ogramme est n\u00e9cessaire pour un \u00e9v\u00e9nement, une conf\u00e9rence, un d\u00e9bat, une communication. Dans ce cas, nos \u00e9quipes de techniciens r\u00e9alisent les supports. Cependant, ce type d\u2019intervention permet, si besoin, d\u2019associer quelques participants pour qu\u2019ils d\u00e9couvrent les diff\u00e9rentes \u00e9tapes de la production.<\/p>\n\n\n<p><\/p>\n","protected":false},"excerpt":{"rendered":"<p>Intervention : Les interventions de l\u2019association se d\u00e9clinent sur deux niveaux selon la situation locale et les attentes envisag\u00e9es. Les actions sont pr\u00e9par\u00e9es en \u00e9troites liaisons avec les acteurs locaux afin de r\u00e9pondre avec une p\u00e9dagogie adapt\u00e9e aux besoins sp\u00e9cifiques des publics vis\u00e9s. Les types d\u2019interventions : Animation p\u00e9dagogiqueR\u00e9alisation en communication sociale Animation p\u00e9dagogique : [&hellip;]<\/p>\n","protected":false},"author":1,"featured_media":0,"parent":0,"menu_order":0,"comment_status":"open","ping_status":"open","template":"","meta":{"footnotes":""},"class_list":["post-2","page","type-page","status-publish","hentry"],"_links":{"self":[{"href":"https:\/\/www.s1ap.net\/index.php?rest_route=\/wp\/v2\/pages\/2","targetHints":{"allow":["GET"]}}],"collection":[{"href":"https:\/\/www.s1ap.net\/index.php?rest_route=\/wp\/v2\/pages"}],"about":[{"href":"https:\/\/www.s1ap.net\/index.php?rest_route=\/wp\/v2\/types\/page"}],"author":[{"embeddable":true,"href":"https:\/\/www.s1ap.net\/index.php?rest_route=\/wp\/v2\/users\/1"}],"replies":[{"embeddable":true,"href":"https:\/\/www.s1ap.net\/index.php?rest_route=%2Fwp%2Fv2%2Fcomments&post=2"}],"version-history":[{"count":2,"href":"https:\/\/www.s1ap.net\/index.php?rest_route=\/wp\/v2\/pages\/2\/revisions"}],"predecessor-version":[{"id":25,"href":"https:\/\/www.s1ap.net\/index.php?rest_route=\/wp\/v2\/pages\/2\/revisions\/25"}],"wp:attachment":[{"href":"https:\/\/www.s1ap.net\/index.php?rest_route=%2Fwp%2Fv2%2Fmedia&parent=2"}],"curies":[{"name":"wp","href":"https:\/\/api.w.org\/{rel}","templated":true}]}}