{"id":3,"date":"2008-06-30T13:52:08","date_gmt":"2008-06-30T11:52:08","guid":{"rendered":"http:\/\/www.s1ap.net\/?page_id=3"},"modified":"2008-06-30T13:52:08","modified_gmt":"2008-06-30T11:52:08","slug":"a-propos-2","status":"publish","type":"page","link":"https:\/\/www.s1ap.net\/?page_id=3","title":{"rendered":"A propos"},"content":{"rendered":"<p>Cr\u00e9ation :<\/p>\n<p>L\u2019association \u00ab Sur Un Arbre Perch\u00e9s \u00bb, cr\u00e9e en 1992, propose des actions issues de la fusion de deux comp\u00e9tences. D\u2019une part, la connaissance de la formation professionnelle, et d\u2019autre part, l\u2019exp\u00e9rience de la pratique audiovisuelle.<\/p>\n<p>L\u2019association est \u00e9galement d\u00e9clar\u00e9e en tant qu\u2019organisme de formation professionnelle.<\/p>\n<p>Objet :<\/p>\n<p>L\u2019objet premier de l\u2019association est l\u2019apprentissage \u00e0 la lecture de l\u2019image. Cette sensibilisation est ax\u00e9e en priorit\u00e9 sur l\u2019utilisation des divers outils de la production audiovisuelle afin d\u2019immerger les participants dans une pratique active.<\/p>\n<p>A partir de diverses exp\u00e9riences d\u2019interventions, l\u2019association s\u2019est orient\u00e9e essentiellement dans le champs social et dans les dispositifs li\u00e9s aux Politiques de la Ville .<\/p>\n<p>Les actions men\u00e9es par l\u2019association sensibilisent les publics aux mondes de l\u2019audiovisuel et de la communication.<\/p>\n","protected":false},"excerpt":{"rendered":"<p>Cr\u00e9ation : L\u2019association \u00ab Sur Un Arbre Perch\u00e9s \u00bb, cr\u00e9e en 1992, propose des actions issues de la fusion de deux comp\u00e9tences. D\u2019une part, la connaissance de la formation professionnelle, et d\u2019autre part, l\u2019exp\u00e9rience de la pratique audiovisuelle. L\u2019association est \u00e9galement d\u00e9clar\u00e9e en tant qu\u2019organisme de formation professionnelle. Objet : L\u2019objet premier de l\u2019association est [&hellip;]<\/p>\n","protected":false},"author":1,"featured_media":0,"parent":0,"menu_order":0,"comment_status":"open","ping_status":"open","template":"","meta":{"footnotes":""},"class_list":["post-3","page","type-page","status-publish","hentry"],"_links":{"self":[{"href":"https:\/\/www.s1ap.net\/index.php?rest_route=\/wp\/v2\/pages\/3","targetHints":{"allow":["GET"]}}],"collection":[{"href":"https:\/\/www.s1ap.net\/index.php?rest_route=\/wp\/v2\/pages"}],"about":[{"href":"https:\/\/www.s1ap.net\/index.php?rest_route=\/wp\/v2\/types\/page"}],"author":[{"embeddable":true,"href":"https:\/\/www.s1ap.net\/index.php?rest_route=\/wp\/v2\/users\/1"}],"replies":[{"embeddable":true,"href":"https:\/\/www.s1ap.net\/index.php?rest_route=%2Fwp%2Fv2%2Fcomments&post=3"}],"version-history":[{"count":0,"href":"https:\/\/www.s1ap.net\/index.php?rest_route=\/wp\/v2\/pages\/3\/revisions"}],"wp:attachment":[{"href":"https:\/\/www.s1ap.net\/index.php?rest_route=%2Fwp%2Fv2%2Fmedia&parent=3"}],"curies":[{"name":"wp","href":"https:\/\/api.w.org\/{rel}","templated":true}]}}